{"id":84,"date":"2023-02-05T14:03:22","date_gmt":"2023-02-05T14:03:22","guid":{"rendered":"https:\/\/essensielltremor.no\/?page_id=84"},"modified":"2026-01-22T22:52:52","modified_gmt":"2026-01-22T22:52:52","slug":"om-essensiell-tremor","status":"publish","type":"page","link":"https:\/\/essensielltremor.no\/index.php\/om-essensiell-tremor\/","title":{"rendered":"Om essensiell tremor"},"content":{"rendered":"\t\t<div data-elementor-type=\"wp-page\" data-elementor-id=\"84\" class=\"elementor elementor-84\">\n\t\t\t\t\t\t<section class=\"elementor-section elementor-top-section elementor-element elementor-element-35b2751 elementor-section-boxed elementor-section-height-default elementor-section-height-default\" data-id=\"35b2751\" data-element_type=\"section\" data-e-type=\"section\">\n\t\t\t\t\t\t<div class=\"elementor-container elementor-column-gap-default\">\n\t\t\t\t\t<div class=\"elementor-column elementor-col-50 elementor-top-column elementor-element elementor-element-efdfb69\" data-id=\"efdfb69\" data-element_type=\"column\" data-e-type=\"column\">\n\t\t\t<div class=\"elementor-widget-wrap elementor-element-populated\">\n\t\t\t\t\t\t<div class=\"elementor-element elementor-element-1ed0866 elementor-widget elementor-widget-spacer\" data-id=\"1ed0866\" data-element_type=\"widget\" data-e-type=\"widget\" data-widget_type=\"spacer.default\">\n\t\t\t\t<div class=\"elementor-widget-container\">\n\t\t\t\t\t\t\t<div class=\"elementor-spacer\">\n\t\t\t<div class=\"elementor-spacer-inner\"><\/div>\n\t\t<\/div>\n\t\t\t\t\t\t<\/div>\n\t\t\t\t<\/div>\n\t\t\t\t<div class=\"elementor-element elementor-element-74b6fd2 elementor-widget elementor-widget-heading\" data-id=\"74b6fd2\" data-element_type=\"widget\" data-e-type=\"widget\" data-widget_type=\"heading.default\">\n\t\t\t\t<div class=\"elementor-widget-container\">\n\t\t\t\t\t<h2 class=\"elementor-heading-title elementor-size-default\">Om essensiell tremor<\/h2>\t\t\t\t<\/div>\n\t\t\t\t<\/div>\n\t\t\t\t<div class=\"elementor-element elementor-element-9f565b6 elementor-widget__width-initial elementor-widget elementor-widget-text-editor\" data-id=\"9f565b6\" data-element_type=\"widget\" data-e-type=\"widget\" data-widget_type=\"text-editor.default\">\n\t\t\t\t<div class=\"elementor-widget-container\">\n\t\t\t\t\t\t\t\t\t<p>Essensiell tremor (ET), ogs\u00e5 kalt famili\u00e6r essensiell tremor, heredit\u00e6r essensiell tremor, og intensjonstremor er en ufrivillig rytmisk skjelving p\u00e5 hendene. En del har ogs\u00e5 skjelvinger i andre deler av kroppen, som hodet, armer, kroppsstammen eller bein.&nbsp;<\/p>\n<p><span style=\"font-family: var( --e-global-typography-text-font-family ), Sans-serif; font-size: var( --e-global-typography-text-font-size ); font-style: var( --e-global-typography-text-font-style ); font-weight: var( --e-global-typography-text-font-weight ); letter-spacing: var( --e-global-typography-text-letter-spacing ); text-transform: var( --e-global-typography-text-text-transform ); word-spacing: var( --e-global-typography-text-word-spacing );\">Tremor betyr skjelving, og essensiell er en betegnelse legevitenskapen bruker n\u00e5r en tilstand ikke skyldes noen annen kjent \u00e5rsak, som for eksempel bivirkninger av medisiner eller en annen sykdom.<\/span><\/p>\n<p>Skjelvingene er som regel frav\u00e6rende i hvile, men viser seg n\u00e5r musklene er i bruk, for eksempel n\u00e5r man holder ut armen for \u00e5 l\u00f8fte en kopp eller et glass, eller skal holde tak i det (s\u00e5kalt intensjonstremor eller aksjonstremor).<\/p>\n<p>Skjelvingene forverres gjerne midlertidig ved opphisselse, stress, engstelse, sult, og n\u00e5r man er sliten. De kan ogs\u00e5 bli verre ved presisjonsarbeid som \u00e5 skrive eller ved h\u00e5ndtering av veldig sm\u00e5 ting.<\/p>\n<p>Essensiell tremor er en progressiv tilstand, som betyr at skjelvingene blir verre med \u00e5rene. Det er likevel stor individuell forskjell p\u00e5 hvor fort det g\u00e5r eller om vedkommende har f\u00f8lelsen av at det blir verre.<\/p>\n<p>De fleste med essensiell tremor plages ikke nevneverdig av det, men en del har mer utartede skjelvinger som gj\u00f8r dagligdagse gj\u00f8rem\u00e5l som \u00e5 spise vanskelige. Tall fra USA viser allikevel at opptil 25% av personer med ET slutter i jobb f\u00f8r pensjonsalder.&nbsp;<\/p>\n<p>Skjelvingene kan skape forlegenhet i sosiale sammenhenger eller p\u00e5 jobb fordi andre lurer p\u00e5 hvorfor man skjelver, noe som gjerne forverres av at f\u00e5 vet om ET til tross for hvor vanlig det er.<\/p>\n<p>De fleste som f\u00e5r ET er voksne, med h\u00f8yere andel i eldre grupper. Tilstanden kan likevel oppst\u00e5 i alle aldre, fra nyf\u00f8dte og barn til folk i 80-\u00e5rene. Det ansl\u00e5s at s\u00e5 mange som 20% av folk i 90-\u00e5rene har det.<\/p>\n<p>I studier har forskere i forskjellige land funnet at 0,5-4,0 prosent av befolkningen har ET, men bare i underkant av 0,5 prosent har betydelig nedsatt funksjonsevne p\u00e5 grunn av tilstanden. I Norge regnes det med at rundt 0,5% av befolkningen har det, som tilsvarer ca. 27 000 personer totalt. <i>(Tallet er ikke bekreftet fra noe hold og kan v\u00e6re en feilkalkulering.)<\/i><\/p>\n<div>&nbsp;<\/div>\n<p><i>&nbsp;<\/i><\/p>\n<p><b>\u00c5rsak<br><\/b>Det er ingen kjent \u00e5rsak til essensiell tremor. Arvelig faktor spiller en rolle og det kan g\u00e5 i familier (derfor er det ogs\u00e5 kalt famili\u00e6r tremor), men det er ikke funnet noen entydig genfeil som gir den fulle forklaringen. Hos ca. 40% opptrer ET uten at det finnes andre kjente tilfeller i familien.<\/p>\n<p>Man vet at skjelvingene skyldes en feilfunksjon i noen nervesentre i hjernen, men ikke hva som for\u00e5rsaker denne feilfunksjonen.<\/p>\n<div>&nbsp;<\/div>\n<p><b>Diagnose<\/b><\/p>\n<p>Mange har s\u00e5 sm\u00e5 plager med skjelvingen at de ikke opps\u00f8ker lege.<\/p>\n<p>Om man opps\u00f8ker lege stilles diagnosen p\u00e5 bakgrunn av sykehistorie og observasjon. Hvis det finnes andre tilfeller i familien vil det gj\u00f8re det lettere og mer selvf\u00f8lgelig \u00e5 stille diagnosen.&nbsp;<\/p>\n<p>Det finnes ingen blodpr\u00f8ver eller funn ved bildediagnostikk (som r\u00f8ntgen eller MR-scan) som er typiske for essensiell tremor.<\/p>\n<div>&nbsp;<\/div>\n<p><b>Behandling<\/b><br>M\u00e5let med behandlingen er \u00e5 redusere de sv\u00e6rt plagsomme skjelvingene. Det finnes ingen behandling som helbreder eller kurerer ET.&nbsp;<\/p>\n<p><u>Livsstilsendringer<\/u>&nbsp;som \u00e5 kutte ned eller ut koffeinholdige matvarer som brus, energidrikk, kaffe, te og sjokolade er en fordel siden koffein trigger skjelvingene. \u00c5 l\u00e6re seg avspenningsteknikker kan ogs\u00e5 hjelpe selv om man ikke kjenner seg anspent ettersom spente muskler skjelver mer.<\/p>\n<div><span style=\"font-family: var( --e-global-typography-text-font-family ), Sans-serif; font-size: var( --e-global-typography-text-font-size ); font-style: var( --e-global-typography-text-font-style ); font-weight: var( --e-global-typography-text-font-weight ); letter-spacing: var( --e-global-typography-text-letter-spacing ); text-transform: var( --e-global-typography-text-text-transform ); word-spacing: var( --e-global-typography-text-word-spacing );\">&nbsp;<\/span><\/div>\n<p><span style=\"font-family: var( --e-global-typography-text-font-family ), Sans-serif; font-size: var( --e-global-typography-text-font-size ); font-style: var( --e-global-typography-text-font-style ); font-weight: var( --e-global-typography-text-font-weight ); letter-spacing: var( --e-global-typography-text-letter-spacing ); text-transform: var( --e-global-typography-text-text-transform ); word-spacing: var( --e-global-typography-text-word-spacing );\"><u>Medisiner:<\/u> Det er ingen medisiner som er spesielt utviklet for essensiell tremor, men det er alikevel flere legemidler som kan roe skjelvingene. Ikke alle har effekt av medisiner.<\/span><\/p>\n<p><span style=\"font-family: var( --e-global-typography-text-font-family ), Sans-serif; font-size: var( --e-global-typography-text-font-size ); font-style: var( --e-global-typography-text-font-style ); font-weight: var( --e-global-typography-text-font-weight ); letter-spacing: var( --e-global-typography-text-letter-spacing ); text-transform: var( --e-global-typography-text-text-transform ); word-spacing: var( --e-global-typography-text-word-spacing );\">R\u00e5df\u00f8r deg alltid med lege om medisiner.<\/span><\/p>\n<ul>\n<li><u>Betablokkere som propranolol<\/u> pr\u00f8ves ofte f\u00f8rst. Denne medisinen er utviklet for hjertesykdom, men er ikke farlig \u00e5 ta&nbsp; selv om man ikke har hjertesykdom. Propranolol senker blodtrykket, som er en effekt man b\u00f8r v\u00e6re bevisst p\u00e5. For noen blir ubehaget av dette st\u00f8rre enn effekten de f\u00e5r av medisinen.<\/li>\n<li><u>Gabapentin, topiramat og primidon<\/u> er andre medisiner man kan pr\u00f8ve om betablokkere ikke fungerer. De er alle antiepileptika og utviklet for epilepsi, men fungerer mot tremor for en del. Primidon selges ogs\u00e5 under navnene Liskantin og Mysoline.<\/li>\n<li><span style=\"background-color: transparent;\"><span style=\"background-color: transparent;\"><u>Botox-injeksjoner (botulinumtoksin)<\/u> kan hjelpe for noen med essensiell tremor. Dette brukes som regel ved risting i hodet\/nakken, men har ogs\u00e5 effekt p\u00e5 hendene. Botox hemmer muskelaktiviteten, som f\u00f8rer til en nedgang i skjelving. Effekten varer ca. 3 m\u00e5neder f\u00f8r man trenger nye injeksjoner. Injeksjonene kan f\u00f8re til noe svakhet i hender og fingre.<\/span><\/span>\n<p><\/p>\n<\/li>\n<\/ul>\n<p>Beroligende medikamenter har d\u00e5rlig effekt p\u00e5 tremor over tid.<\/p>\n<p><u>Dyp hjernestimulasjon\/Deep brain stimulation (DBS)<\/u> er en operasjon hvor en en elektrode opereres inn dypt i hjernen (i thalamus) og kobles p\u00e5 en hjernestimulator (\u00abhjerne-pacemaker\u00bb) som sender elektriske signaler som effektivt demper skjelvingene. Stimulatoren og en batteripakke legges under huden p\u00e5 brystet eller i mageregionen. Styrken av de elektriske signalene kan justeres i ettertid for \u00e5 gi best mulig effekt til den enkelte pasient. DBS utf\u00f8res ved Rikshospitalet i Oslo og ved St. Olavs Hospital i Trondheim.<\/p>\n<p><u><br>Fokusert ultralyd (FUS, MrgFUS, HIFU)<\/u> er en prosedyre hvor h\u00f8yfrekvent ultralyd brukes til \u00e5 varme opp og \u00absette ut av spill\u00bb samme punkt i hjernen som DBS behandler, alts\u00e5 thalamus, uten operasjon. De h\u00f8yfrekvente ultralydb\u00f8lgene blir sendt via en slags hjelm eller bue pasienten har over hodet mens det tas MR-scanning for \u00e5 forsikre seg om at man treffer helt riktig. Fokusert ultralyd skal bli tilgjengelig i Norge fra februar 2026.<\/p>\n<p><span style=\"font-family: var( --e-global-typography-text-font-family ), Sans-serif; font-size: var( --e-global-typography-text-font-size ); font-style: var( --e-global-typography-text-font-style ); font-weight: var( --e-global-typography-text-font-weight ); letter-spacing: var( --e-global-typography-text-letter-spacing ); text-transform: var( --e-global-typography-text-text-transform ); word-spacing: var( --e-global-typography-text-word-spacing );\">&nbsp;<\/span><\/p>\n<p><span style=\"font-family: var( --e-global-typography-text-font-family ), Sans-serif; font-size: var( --e-global-typography-text-font-size ); font-style: var( --e-global-typography-text-font-style ); font-weight: var( --e-global-typography-text-font-weight ); letter-spacing: var( --e-global-typography-text-letter-spacing ); text-transform: var( --e-global-typography-text-text-transform ); word-spacing: var( --e-global-typography-text-word-spacing );\">Informasjon hentet fra <\/span><a style=\"font-family: var( --e-global-typography-text-font-family ), Sans-serif; font-size: var( --e-global-typography-text-font-size ); font-style: var( --e-global-typography-text-font-style ); font-weight: var( --e-global-typography-text-font-weight ); letter-spacing: var( --e-global-typography-text-letter-spacing ); text-transform: var( --e-global-typography-text-text-transform ); word-spacing: var( --e-global-typography-text-word-spacing ); background-color: #ffffff;\" href=\"https:\/\/nhi.no\/sykdommer\/hjernenervesystem\/muskelrykninger\/skjelvinger-essensiell-tremor\/\"><b>NHI. no<\/b><\/a><span style=\"font-family: var( --e-global-typography-text-font-family ), Sans-serif; font-size: var( --e-global-typography-text-font-size ); font-style: var( --e-global-typography-text-font-style ); font-weight: var( --e-global-typography-text-font-weight ); letter-spacing: var( --e-global-typography-text-letter-spacing ); text-transform: var( --e-global-typography-text-text-transform ); word-spacing: var( --e-global-typography-text-word-spacing );\"> og Wikipedia (<\/span><a style=\"font-family: var( --e-global-typography-text-font-family ), Sans-serif; font-size: var( --e-global-typography-text-font-size ); font-style: var( --e-global-typography-text-font-style ); font-weight: var( --e-global-typography-text-font-weight ); letter-spacing: var( --e-global-typography-text-letter-spacing ); text-transform: var( --e-global-typography-text-text-transform ); word-spacing: var( --e-global-typography-text-word-spacing ); background-color: #ffffff;\" href=\"https:\/\/no.wikipedia.org\/wiki\/Essensiell_tremor\"><b>norsk<\/b> <\/a><span style=\"font-family: var( --e-global-typography-text-font-family ), Sans-serif; font-size: var( --e-global-typography-text-font-size ); font-style: var( --e-global-typography-text-font-style ); font-weight: var( --e-global-typography-text-font-weight ); letter-spacing: var( --e-global-typography-text-letter-spacing ); text-transform: var( --e-global-typography-text-text-transform ); word-spacing: var( --e-global-typography-text-word-spacing );\">og <\/span><a style=\"font-family: var( --e-global-typography-text-font-family ), Sans-serif; font-size: var( --e-global-typography-text-font-size ); font-style: var( --e-global-typography-text-font-style ); font-weight: var( --e-global-typography-text-font-weight ); letter-spacing: var( --e-global-typography-text-letter-spacing ); text-transform: var( --e-global-typography-text-text-transform ); word-spacing: var( --e-global-typography-text-word-spacing ); background-color: #ffffff;\" href=\"https:\/\/en.wikipedia.org\/wiki\/Essential_tremor\"><b>engelsk<\/b><\/a><span style=\"font-family: var( --e-global-typography-text-font-family ), Sans-serif; font-size: var( --e-global-typography-text-font-size ); font-style: var( --e-global-typography-text-font-style ); font-weight: var( --e-global-typography-text-font-weight ); letter-spacing: var( --e-global-typography-text-letter-spacing ); text-transform: var( --e-global-typography-text-text-transform ); word-spacing: var( --e-global-typography-text-word-spacing );\">)<\/span><\/p>\t\t\t\t\t\t\t\t<\/div>\n\t\t\t\t<\/div>\n\t\t\t\t\t<\/div>\n\t\t<\/div>\n\t\t\t\t<div class=\"elementor-column elementor-col-50 elementor-top-column elementor-element elementor-element-5ad445e\" data-id=\"5ad445e\" data-element_type=\"column\" data-e-type=\"column\">\n\t\t\t<div class=\"elementor-widget-wrap\">\n\t\t\t\t\t\t\t<\/div>\n\t\t<\/div>\n\t\t\t\t\t<\/div>\n\t\t<\/section>\n\t\t\t\t<\/div>\n\t\t","protected":false},"excerpt":{"rendered":"<p>Om essensiell tremor Essensiell tremor (ET), ogs\u00e5 kalt famili\u00e6r essensiell tremor, heredit\u00e6r essensiell tremor, og intensjonstremor er en ufrivillig rytmisk skjelving p\u00e5 hendene. En del har ogs\u00e5 skjelvinger i andre deler av kroppen, som hodet, armer, kroppsstammen eller bein.&nbsp; Tremor betyr skjelving, og essensiell er en betegnelse legevitenskapen bruker n\u00e5r en tilstand ikke skyldes noen [&hellip;]<\/p>\n","protected":false},"author":1,"featured_media":0,"parent":0,"menu_order":0,"comment_status":"closed","ping_status":"closed","template":"","meta":{"footnotes":""},"class_list":["post-84","page","type-page","status-publish","hentry"],"yoast_head":"<!-- This site is optimized with the Yoast SEO plugin v27.0 - https:\/\/yoast.com\/product\/yoast-seo-wordpress\/ -->\n<title>Om essensiell tremor - Essensiell Tremor-Foreningen Norge<\/title>\n<meta name=\"robots\" content=\"index, follow, max-snippet:-1, max-image-preview:large, max-video-preview:-1\" \/>\n<link rel=\"canonical\" href=\"https:\/\/essensielltremor.no\/index.php\/om-essensiell-tremor\/\" \/>\n<meta property=\"og:locale\" content=\"nb_NO\" \/>\n<meta property=\"og:type\" content=\"article\" \/>\n<meta property=\"og:title\" content=\"Om essensiell tremor - Essensiell Tremor-Foreningen Norge\" \/>\n<meta property=\"og:description\" content=\"Om essensiell tremor Essensiell tremor (ET), ogs\u00e5 kalt famili\u00e6r essensiell tremor, heredit\u00e6r essensiell tremor, og intensjonstremor er en ufrivillig rytmisk skjelving p\u00e5 hendene. En del har ogs\u00e5 skjelvinger i andre deler av kroppen, som hodet, armer, kroppsstammen eller bein.&nbsp; Tremor betyr skjelving, og essensiell er en betegnelse legevitenskapen bruker n\u00e5r en tilstand ikke skyldes noen [&hellip;]\" \/>\n<meta property=\"og:url\" content=\"https:\/\/essensielltremor.no\/index.php\/om-essensiell-tremor\/\" \/>\n<meta property=\"og:site_name\" content=\"Essensiell Tremor-Foreningen Norge\" \/>\n<meta property=\"article:publisher\" content=\"https:\/\/facebook.com\/ETNorge\" \/>\n<meta property=\"article:modified_time\" content=\"2026-01-22T22:52:52+00:00\" \/>\n<meta name=\"twitter:card\" content=\"summary_large_image\" \/>\n<meta name=\"twitter:label1\" content=\"Ansl. lesetid\" \/>\n\t<meta name=\"twitter:data1\" content=\"5 minutter\" \/>\n<script type=\"application\/ld+json\" class=\"yoast-schema-graph\">{\"@context\":\"https:\/\/schema.org\",\"@graph\":[{\"@type\":\"WebPage\",\"@id\":\"https:\/\/essensielltremor.no\/index.php\/om-essensiell-tremor\/\",\"url\":\"https:\/\/essensielltremor.no\/index.php\/om-essensiell-tremor\/\",\"name\":\"Om essensiell tremor - Essensiell Tremor-Foreningen Norge\",\"isPartOf\":{\"@id\":\"https:\/\/essensielltremor.no\/#website\"},\"datePublished\":\"2023-02-05T14:03:22+00:00\",\"dateModified\":\"2026-01-22T22:52:52+00:00\",\"breadcrumb\":{\"@id\":\"https:\/\/essensielltremor.no\/index.php\/om-essensiell-tremor\/#breadcrumb\"},\"inLanguage\":\"nb-NO\",\"potentialAction\":[{\"@type\":\"ReadAction\",\"target\":[\"https:\/\/essensielltremor.no\/index.php\/om-essensiell-tremor\/\"]}]},{\"@type\":\"BreadcrumbList\",\"@id\":\"https:\/\/essensielltremor.no\/index.php\/om-essensiell-tremor\/#breadcrumb\",\"itemListElement\":[{\"@type\":\"ListItem\",\"position\":1,\"name\":\"Hjem\",\"item\":\"https:\/\/essensielltremor.no\/\"},{\"@type\":\"ListItem\",\"position\":2,\"name\":\"Om essensiell tremor\"}]},{\"@type\":\"WebSite\",\"@id\":\"https:\/\/essensielltremor.no\/#website\",\"url\":\"https:\/\/essensielltremor.no\/\",\"name\":\"Essensiell Tremor-Foreningen Norge\",\"description\":\"\",\"publisher\":{\"@id\":\"https:\/\/essensielltremor.no\/#organization\"},\"potentialAction\":[{\"@type\":\"SearchAction\",\"target\":{\"@type\":\"EntryPoint\",\"urlTemplate\":\"https:\/\/essensielltremor.no\/?s={search_term_string}\"},\"query-input\":{\"@type\":\"PropertyValueSpecification\",\"valueRequired\":true,\"valueName\":\"search_term_string\"}}],\"inLanguage\":\"nb-NO\"},{\"@type\":\"Organization\",\"@id\":\"https:\/\/essensielltremor.no\/#organization\",\"name\":\"Essensiell Tremor-Foreningen Norge\",\"url\":\"https:\/\/essensielltremor.no\/\",\"logo\":{\"@type\":\"ImageObject\",\"inLanguage\":\"nb-NO\",\"@id\":\"https:\/\/essensielltremor.no\/#\/schema\/logo\/image\/\",\"url\":\"https:\/\/essensielltremor.no\/wp-content\/uploads\/2023\/02\/Logo-liten-2-gjennomsiktig-bakgrunn.png\",\"contentUrl\":\"https:\/\/essensielltremor.no\/wp-content\/uploads\/2023\/02\/Logo-liten-2-gjennomsiktig-bakgrunn.png\",\"width\":482,\"height\":108,\"caption\":\"Essensiell Tremor-Foreningen Norge\"},\"image\":{\"@id\":\"https:\/\/essensielltremor.no\/#\/schema\/logo\/image\/\"},\"sameAs\":[\"https:\/\/facebook.com\/ETNorge\"]}]}<\/script>\n<!-- \/ Yoast SEO plugin. -->","yoast_head_json":{"title":"Om essensiell tremor - Essensiell Tremor-Foreningen Norge","robots":{"index":"index","follow":"follow","max-snippet":"max-snippet:-1","max-image-preview":"max-image-preview:large","max-video-preview":"max-video-preview:-1"},"canonical":"https:\/\/essensielltremor.no\/index.php\/om-essensiell-tremor\/","og_locale":"nb_NO","og_type":"article","og_title":"Om essensiell tremor - Essensiell Tremor-Foreningen Norge","og_description":"Om essensiell tremor Essensiell tremor (ET), ogs\u00e5 kalt famili\u00e6r essensiell tremor, heredit\u00e6r essensiell tremor, og intensjonstremor er en ufrivillig rytmisk skjelving p\u00e5 hendene. En del har ogs\u00e5 skjelvinger i andre deler av kroppen, som hodet, armer, kroppsstammen eller bein.&nbsp; Tremor betyr skjelving, og essensiell er en betegnelse legevitenskapen bruker n\u00e5r en tilstand ikke skyldes noen [&hellip;]","og_url":"https:\/\/essensielltremor.no\/index.php\/om-essensiell-tremor\/","og_site_name":"Essensiell Tremor-Foreningen Norge","article_publisher":"https:\/\/facebook.com\/ETNorge","article_modified_time":"2026-01-22T22:52:52+00:00","twitter_card":"summary_large_image","twitter_misc":{"Ansl. lesetid":"5 minutter"},"schema":{"@context":"https:\/\/schema.org","@graph":[{"@type":"WebPage","@id":"https:\/\/essensielltremor.no\/index.php\/om-essensiell-tremor\/","url":"https:\/\/essensielltremor.no\/index.php\/om-essensiell-tremor\/","name":"Om essensiell tremor - Essensiell Tremor-Foreningen Norge","isPartOf":{"@id":"https:\/\/essensielltremor.no\/#website"},"datePublished":"2023-02-05T14:03:22+00:00","dateModified":"2026-01-22T22:52:52+00:00","breadcrumb":{"@id":"https:\/\/essensielltremor.no\/index.php\/om-essensiell-tremor\/#breadcrumb"},"inLanguage":"nb-NO","potentialAction":[{"@type":"ReadAction","target":["https:\/\/essensielltremor.no\/index.php\/om-essensiell-tremor\/"]}]},{"@type":"BreadcrumbList","@id":"https:\/\/essensielltremor.no\/index.php\/om-essensiell-tremor\/#breadcrumb","itemListElement":[{"@type":"ListItem","position":1,"name":"Hjem","item":"https:\/\/essensielltremor.no\/"},{"@type":"ListItem","position":2,"name":"Om essensiell tremor"}]},{"@type":"WebSite","@id":"https:\/\/essensielltremor.no\/#website","url":"https:\/\/essensielltremor.no\/","name":"Essensiell Tremor-Foreningen Norge","description":"","publisher":{"@id":"https:\/\/essensielltremor.no\/#organization"},"potentialAction":[{"@type":"SearchAction","target":{"@type":"EntryPoint","urlTemplate":"https:\/\/essensielltremor.no\/?s={search_term_string}"},"query-input":{"@type":"PropertyValueSpecification","valueRequired":true,"valueName":"search_term_string"}}],"inLanguage":"nb-NO"},{"@type":"Organization","@id":"https:\/\/essensielltremor.no\/#organization","name":"Essensiell Tremor-Foreningen Norge","url":"https:\/\/essensielltremor.no\/","logo":{"@type":"ImageObject","inLanguage":"nb-NO","@id":"https:\/\/essensielltremor.no\/#\/schema\/logo\/image\/","url":"https:\/\/essensielltremor.no\/wp-content\/uploads\/2023\/02\/Logo-liten-2-gjennomsiktig-bakgrunn.png","contentUrl":"https:\/\/essensielltremor.no\/wp-content\/uploads\/2023\/02\/Logo-liten-2-gjennomsiktig-bakgrunn.png","width":482,"height":108,"caption":"Essensiell Tremor-Foreningen Norge"},"image":{"@id":"https:\/\/essensielltremor.no\/#\/schema\/logo\/image\/"},"sameAs":["https:\/\/facebook.com\/ETNorge"]}]}},"_links":{"self":[{"href":"https:\/\/essensielltremor.no\/index.php\/wp-json\/wp\/v2\/pages\/84","targetHints":{"allow":["GET"]}}],"collection":[{"href":"https:\/\/essensielltremor.no\/index.php\/wp-json\/wp\/v2\/pages"}],"about":[{"href":"https:\/\/essensielltremor.no\/index.php\/wp-json\/wp\/v2\/types\/page"}],"author":[{"embeddable":true,"href":"https:\/\/essensielltremor.no\/index.php\/wp-json\/wp\/v2\/users\/1"}],"replies":[{"embeddable":true,"href":"https:\/\/essensielltremor.no\/index.php\/wp-json\/wp\/v2\/comments?post=84"}],"version-history":[{"count":91,"href":"https:\/\/essensielltremor.no\/index.php\/wp-json\/wp\/v2\/pages\/84\/revisions"}],"predecessor-version":[{"id":1412,"href":"https:\/\/essensielltremor.no\/index.php\/wp-json\/wp\/v2\/pages\/84\/revisions\/1412"}],"wp:attachment":[{"href":"https:\/\/essensielltremor.no\/index.php\/wp-json\/wp\/v2\/media?parent=84"}],"curies":[{"name":"wp","href":"https:\/\/api.w.org\/{rel}","templated":true}]}}